{"id":32022,"date":"2021-03-11T16:04:23","date_gmt":"2021-03-11T16:04:23","guid":{"rendered":"https:\/\/www.wfdboosted.co.uk\/ccwp\/product\/clare-halifax-look-away\/"},"modified":"2021-03-11T16:04:23","modified_gmt":"2021-03-11T16:04:23","slug":"clare-halifax-look-away-2","status":"publish","type":"product","link":"https:\/\/www.cornwallcontemporary.com\/fr\/produit\/clare-halifax-look-away-2\/","title":{"rendered":"Clare Halifax &lsquo;Look Away&rsquo;"},"content":{"rendered":"","protected":false},"excerpt":{"rendered":"<p>S\u00e9rigraphie 5 couleurs, \u00e9dition de 75, encadr\u00e9e<\/p>\n","protected":false},"featured_media":22624,"template":"","meta":{"_monsterinsights_skip_tracking":false,"_monsterinsights_sitenote_active":false,"_monsterinsights_sitenote_note":"","_monsterinsights_sitenote_category":0,"neve_meta_sidebar":"","neve_meta_container":"","neve_meta_enable_content_width":"off","neve_meta_content_width":100,"neve_meta_title_alignment":"","neve_meta_author_avatar":"","neve_post_elements_order":"","neve_meta_disable_header":"","neve_meta_disable_footer":"","neve_meta_disable_title":"","neve_meta_reading_time":"","_themeisle_gutenberg_block_has_review":false},"product_brand":[],"product_cat":[608],"product_tag":[639],"class_list":{"0":"post-32022","1":"product","2":"type-product","3":"status-publish","4":"has-post-thumbnail","6":"product_cat-impression-collage-textile","7":"product_tag-claire-halifax","8":"product_shipping_class-print-collage-textile","10":"first","11":"instock","12":"shipping-taxable","13":"product-type-simple"},"yoast_head":"<!-- This site is optimized with the Yoast SEO plugin v27.1.1 - https:\/\/yoast.com\/product\/yoast-seo-wordpress\/ -->\n<title>Clare Halifax &#039;Look Away&#039; - Cornwall Contemporary<\/title>\n<meta name=\"robots\" content=\"index, follow, max-snippet:-1, max-image-preview:large, max-video-preview:-1\" \/>\n<link rel=\"canonical\" href=\"https:\/\/www.cornwallcontemporary.com\/fr\/produit\/clare-halifax-look-away-2\/\" \/>\n<meta property=\"og:locale\" content=\"fr_FR\" \/>\n<meta property=\"og:type\" content=\"article\" \/>\n<meta property=\"og:title\" content=\"Clare Halifax &#039;Look Away&#039; - Cornwall Contemporary\" \/>\n<meta property=\"og:description\" content=\"S\u00e9rigraphie 5 couleurs, \u00e9dition de 75, encadr\u00e9e\" \/>\n<meta property=\"og:url\" content=\"https:\/\/www.cornwallcontemporary.com\/fr\/produit\/clare-halifax-look-away-2\/\" \/>\n<meta property=\"og:site_name\" content=\"Cornwall Contemporary\" \/>\n<meta property=\"og:image\" content=\"https:\/\/www.cornwallcontemporary.com\/wp-content\/uploads\/2021\/03\/ch-look-away.jpg\" \/>\n\t<meta property=\"og:image:width\" content=\"219\" \/>\n\t<meta property=\"og:image:height\" content=\"500\" \/>\n\t<meta property=\"og:image:type\" content=\"image\/jpeg\" \/>\n<meta name=\"twitter:card\" content=\"summary_large_image\" \/>\n<script type=\"application\/ld+json\" class=\"yoast-schema-graph\">{\"@context\":\"https:\/\/schema.org\",\"@graph\":[{\"@type\":\"WebPage\",\"@id\":\"https:\/\/www.cornwallcontemporary.com\/fr\/produit\/clare-halifax-look-away-2\/\",\"url\":\"https:\/\/www.cornwallcontemporary.com\/fr\/produit\/clare-halifax-look-away-2\/\",\"name\":\"Clare Halifax 'Look Away' - Cornwall Contemporary\",\"isPartOf\":{\"@id\":\"https:\/\/www.cornwallcontemporary.com\/fr\/#website\"},\"primaryImageOfPage\":{\"@id\":\"https:\/\/www.cornwallcontemporary.com\/fr\/produit\/clare-halifax-look-away-2\/#primaryimage\"},\"image\":{\"@id\":\"https:\/\/www.cornwallcontemporary.com\/fr\/produit\/clare-halifax-look-away-2\/#primaryimage\"},\"thumbnailUrl\":\"https:\/\/www.cornwallcontemporary.com\/wp-content\/uploads\/2021\/03\/ch-look-away.jpg\",\"datePublished\":\"2021-03-11T16:04:23+00:00\",\"breadcrumb\":{\"@id\":\"https:\/\/www.cornwallcontemporary.com\/fr\/produit\/clare-halifax-look-away-2\/#breadcrumb\"},\"inLanguage\":\"fr-FR\",\"potentialAction\":[{\"@type\":\"ReadAction\",\"target\":[\"https:\/\/www.cornwallcontemporary.com\/fr\/produit\/clare-halifax-look-away-2\/\"]}]},{\"@type\":\"ImageObject\",\"inLanguage\":\"fr-FR\",\"@id\":\"https:\/\/www.cornwallcontemporary.com\/fr\/produit\/clare-halifax-look-away-2\/#primaryimage\",\"url\":\"https:\/\/www.cornwallcontemporary.com\/wp-content\/uploads\/2021\/03\/ch-look-away.jpg\",\"contentUrl\":\"https:\/\/www.cornwallcontemporary.com\/wp-content\/uploads\/2021\/03\/ch-look-away.jpg\",\"width\":219,\"height\":500,\"caption\":\"D\u00e9tourne le regard\"},{\"@type\":\"BreadcrumbList\",\"@id\":\"https:\/\/www.cornwallcontemporary.com\/fr\/produit\/clare-halifax-look-away-2\/#breadcrumb\",\"itemListElement\":[{\"@type\":\"ListItem\",\"position\":1,\"name\":\"Home\",\"item\":\"https:\/\/www.cornwallcontemporary.com\/fr\/accueil\/\"},{\"@type\":\"ListItem\",\"position\":2,\"name\":\"Boutique\",\"item\":\"https:\/\/www.cornwallcontemporary.com\/fr\/boutique\/\"},{\"@type\":\"ListItem\",\"position\":3,\"name\":\"Clare Halifax &#8216;Look Away&#8217;\"}]},{\"@type\":\"WebSite\",\"@id\":\"https:\/\/www.cornwallcontemporary.com\/fr\/#website\",\"url\":\"https:\/\/www.cornwallcontemporary.com\/fr\/\",\"name\":\"Cornwall Contemporary\",\"description\":\"Art Gallery, Penzance, Cornwall\",\"publisher\":{\"@id\":\"https:\/\/www.cornwallcontemporary.com\/fr\/#organization\"},\"potentialAction\":[{\"@type\":\"SearchAction\",\"target\":{\"@type\":\"EntryPoint\",\"urlTemplate\":\"https:\/\/www.cornwallcontemporary.com\/fr\/?s={search_term_string}\"},\"query-input\":{\"@type\":\"PropertyValueSpecification\",\"valueRequired\":true,\"valueName\":\"search_term_string\"}}],\"inLanguage\":\"fr-FR\"},{\"@type\":\"Organization\",\"@id\":\"https:\/\/www.cornwallcontemporary.com\/fr\/#organization\",\"name\":\"Cornwall Contemporary\",\"url\":\"https:\/\/www.cornwallcontemporary.com\/fr\/\",\"logo\":{\"@type\":\"ImageObject\",\"inLanguage\":\"fr-FR\",\"@id\":\"https:\/\/www.cornwallcontemporary.com\/fr\/#\/schema\/logo\/image\/\",\"url\":\"https:\/\/www.cornwallcontemporary.com\/wp-content\/uploads\/2020\/01\/neve-artist-icon.png\",\"contentUrl\":\"https:\/\/www.cornwallcontemporary.com\/wp-content\/uploads\/2020\/01\/neve-artist-icon.png\",\"width\":512,\"height\":512,\"caption\":\"Cornwall Contemporary\"},\"image\":{\"@id\":\"https:\/\/www.cornwallcontemporary.com\/fr\/#\/schema\/logo\/image\/\"}}]}<\/script>\n<!-- \/ Yoast SEO plugin. -->","yoast_head_json":{"title":"Clare Halifax 'Look Away' - Cornwall Contemporary","robots":{"index":"index","follow":"follow","max-snippet":"max-snippet:-1","max-image-preview":"max-image-preview:large","max-video-preview":"max-video-preview:-1"},"canonical":"https:\/\/www.cornwallcontemporary.com\/fr\/produit\/clare-halifax-look-away-2\/","og_locale":"fr_FR","og_type":"article","og_title":"Clare Halifax 'Look Away' - Cornwall Contemporary","og_description":"S\u00e9rigraphie 5 couleurs, \u00e9dition de 75, encadr\u00e9e","og_url":"https:\/\/www.cornwallcontemporary.com\/fr\/produit\/clare-halifax-look-away-2\/","og_site_name":"Cornwall Contemporary","og_image":[{"width":219,"height":500,"url":"https:\/\/www.cornwallcontemporary.com\/wp-content\/uploads\/2021\/03\/ch-look-away.jpg","type":"image\/jpeg"}],"twitter_card":"summary_large_image","schema":{"@context":"https:\/\/schema.org","@graph":[{"@type":"WebPage","@id":"https:\/\/www.cornwallcontemporary.com\/fr\/produit\/clare-halifax-look-away-2\/","url":"https:\/\/www.cornwallcontemporary.com\/fr\/produit\/clare-halifax-look-away-2\/","name":"Clare Halifax 'Look Away' - Cornwall Contemporary","isPartOf":{"@id":"https:\/\/www.cornwallcontemporary.com\/fr\/#website"},"primaryImageOfPage":{"@id":"https:\/\/www.cornwallcontemporary.com\/fr\/produit\/clare-halifax-look-away-2\/#primaryimage"},"image":{"@id":"https:\/\/www.cornwallcontemporary.com\/fr\/produit\/clare-halifax-look-away-2\/#primaryimage"},"thumbnailUrl":"https:\/\/www.cornwallcontemporary.com\/wp-content\/uploads\/2021\/03\/ch-look-away.jpg","datePublished":"2021-03-11T16:04:23+00:00","breadcrumb":{"@id":"https:\/\/www.cornwallcontemporary.com\/fr\/produit\/clare-halifax-look-away-2\/#breadcrumb"},"inLanguage":"fr-FR","potentialAction":[{"@type":"ReadAction","target":["https:\/\/www.cornwallcontemporary.com\/fr\/produit\/clare-halifax-look-away-2\/"]}]},{"@type":"ImageObject","inLanguage":"fr-FR","@id":"https:\/\/www.cornwallcontemporary.com\/fr\/produit\/clare-halifax-look-away-2\/#primaryimage","url":"https:\/\/www.cornwallcontemporary.com\/wp-content\/uploads\/2021\/03\/ch-look-away.jpg","contentUrl":"https:\/\/www.cornwallcontemporary.com\/wp-content\/uploads\/2021\/03\/ch-look-away.jpg","width":219,"height":500,"caption":"D\u00e9tourne le regard"},{"@type":"BreadcrumbList","@id":"https:\/\/www.cornwallcontemporary.com\/fr\/produit\/clare-halifax-look-away-2\/#breadcrumb","itemListElement":[{"@type":"ListItem","position":1,"name":"Home","item":"https:\/\/www.cornwallcontemporary.com\/fr\/accueil\/"},{"@type":"ListItem","position":2,"name":"Boutique","item":"https:\/\/www.cornwallcontemporary.com\/fr\/boutique\/"},{"@type":"ListItem","position":3,"name":"Clare Halifax &#8216;Look Away&#8217;"}]},{"@type":"WebSite","@id":"https:\/\/www.cornwallcontemporary.com\/fr\/#website","url":"https:\/\/www.cornwallcontemporary.com\/fr\/","name":"Cornwall Contemporary","description":"Art Gallery, Penzance, Cornwall","publisher":{"@id":"https:\/\/www.cornwallcontemporary.com\/fr\/#organization"},"potentialAction":[{"@type":"SearchAction","target":{"@type":"EntryPoint","urlTemplate":"https:\/\/www.cornwallcontemporary.com\/fr\/?s={search_term_string}"},"query-input":{"@type":"PropertyValueSpecification","valueRequired":true,"valueName":"search_term_string"}}],"inLanguage":"fr-FR"},{"@type":"Organization","@id":"https:\/\/www.cornwallcontemporary.com\/fr\/#organization","name":"Cornwall Contemporary","url":"https:\/\/www.cornwallcontemporary.com\/fr\/","logo":{"@type":"ImageObject","inLanguage":"fr-FR","@id":"https:\/\/www.cornwallcontemporary.com\/fr\/#\/schema\/logo\/image\/","url":"https:\/\/www.cornwallcontemporary.com\/wp-content\/uploads\/2020\/01\/neve-artist-icon.png","contentUrl":"https:\/\/www.cornwallcontemporary.com\/wp-content\/uploads\/2020\/01\/neve-artist-icon.png","width":512,"height":512,"caption":"Cornwall Contemporary"},"image":{"@id":"https:\/\/www.cornwallcontemporary.com\/fr\/#\/schema\/logo\/image\/"}}]}},"_links":{"self":[{"href":"https:\/\/www.cornwallcontemporary.com\/fr\/wp-json\/wp\/v2\/product\/32022","targetHints":{"allow":["GET"]}}],"collection":[{"href":"https:\/\/www.cornwallcontemporary.com\/fr\/wp-json\/wp\/v2\/product"}],"about":[{"href":"https:\/\/www.cornwallcontemporary.com\/fr\/wp-json\/wp\/v2\/types\/product"}],"wp:featuredmedia":[{"embeddable":true,"href":"https:\/\/www.cornwallcontemporary.com\/fr\/wp-json\/wp\/v2\/media\/22624"}],"wp:attachment":[{"href":"https:\/\/www.cornwallcontemporary.com\/fr\/wp-json\/wp\/v2\/media?parent=32022"}],"wp:term":[{"taxonomy":"product_brand","embeddable":true,"href":"https:\/\/www.cornwallcontemporary.com\/fr\/wp-json\/wp\/v2\/product_brand?post=32022"},{"taxonomy":"product_cat","embeddable":true,"href":"https:\/\/www.cornwallcontemporary.com\/fr\/wp-json\/wp\/v2\/product_cat?post=32022"},{"taxonomy":"product_tag","embeddable":true,"href":"https:\/\/www.cornwallcontemporary.com\/fr\/wp-json\/wp\/v2\/product_tag?post=32022"}],"curies":[{"name":"wp","href":"https:\/\/api.w.org\/{rel}","templated":true}]}}