{"id":32112,"date":"2021-07-05T09:32:17","date_gmt":"2021-07-05T08:32:17","guid":{"rendered":"https:\/\/www.wfdboosted.co.uk\/ccwp\/product\/libro-recordar-en-la-pintura-de-david-mankin\/"},"modified":"2021-07-05T09:32:17","modified_gmt":"2021-07-05T08:32:17","slug":"david-mankin-recordando-en-libro-de-pintura","status":"publish","type":"product","link":"https:\/\/www.cornwallcontemporary.com\/es\/producto\/david-mankin-recordando-en-libro-de-pintura\/","title":{"rendered":"Libro &#8216;Recordar en la pintura&#8217; de David Mankin"},"content":{"rendered":"","protected":false},"excerpt":{"rendered":"<p>Publicaci\u00f3n extensa y bellamente producida sobre el trabajo de David Mankin. Escrito por Kate Reeve-Edwards con pr\u00f3logo de Sarah Brittain-Mansbridge. 180 p\u00e1ginas. Copia firmada<\/p>\n<p>tenga en cuenta que si realiza un pedido desde fuera del Reino Unido, env\u00edenos un correo electr\u00f3nico a sarah@cornwallcontemporary.com para conocer las tarifas postales y completar su pedido<\/p>\n","protected":false},"featured_media":22295,"template":"","meta":{"_monsterinsights_skip_tracking":false,"_monsterinsights_sitenote_active":false,"_monsterinsights_sitenote_note":"","_monsterinsights_sitenote_category":0,"neve_meta_sidebar":"","neve_meta_container":"","neve_meta_enable_content_width":"off","neve_meta_content_width":100,"neve_meta_title_alignment":"","neve_meta_author_avatar":"","neve_post_elements_order":"","neve_meta_disable_header":"","neve_meta_disable_footer":"","neve_meta_disable_title":"","neve_meta_reading_time":"","_themeisle_gutenberg_block_has_review":false},"product_brand":[],"product_cat":[229],"product_tag":[675],"class_list":{"0":"post-32112","1":"product","2":"type-product","3":"status-publish","4":"has-post-thumbnail","6":"product_cat-libros","7":"product_tag-david-mankin-es","8":"product_shipping_class-books","10":"first","11":"outofstock","12":"sold-individually","13":"shipping-taxable","14":"purchasable","15":"product-type-simple"},"yoast_head":"<!-- This site is optimized with the Yoast SEO plugin v27.1.1 - https:\/\/yoast.com\/product\/yoast-seo-wordpress\/ -->\n<title>Libro &#039;Recordar en la pintura&#039; de David Mankin - Cornwall Contemporary<\/title>\n<meta name=\"robots\" content=\"index, follow, max-snippet:-1, max-image-preview:large, max-video-preview:-1\" \/>\n<link rel=\"canonical\" href=\"https:\/\/www.cornwallcontemporary.com\/es\/producto\/david-mankin-recordando-en-libro-de-pintura\/\" \/>\n<meta property=\"og:locale\" content=\"es_ES\" \/>\n<meta property=\"og:type\" content=\"article\" \/>\n<meta property=\"og:title\" content=\"Libro &#039;Recordar en la pintura&#039; de David Mankin - Cornwall Contemporary\" \/>\n<meta property=\"og:description\" content=\"Publicaci\u00f3n extensa y bellamente producida sobre el trabajo de David Mankin. Escrito por Kate Reeve-Edwards con pr\u00f3logo de Sarah Brittain-Mansbridge. 180 p\u00e1ginas. Copia firmada tenga en cuenta que si realiza un pedido desde fuera del Reino Unido, env\u00edenos un correo electr\u00f3nico a sarah@cornwallcontemporary.com para conocer las tarifas postales y completar su pedido\" \/>\n<meta property=\"og:url\" content=\"https:\/\/www.cornwallcontemporary.com\/es\/producto\/david-mankin-recordando-en-libro-de-pintura\/\" \/>\n<meta property=\"og:site_name\" content=\"Cornwall Contemporary\" \/>\n<meta property=\"og:image\" content=\"https:\/\/www.cornwallcontemporary.com\/wp-content\/uploads\/2021\/07\/David-Mankin_book-cover-1.jpg\" \/>\n\t<meta property=\"og:image:width\" content=\"1208\" \/>\n\t<meta property=\"og:image:height\" content=\"1417\" \/>\n\t<meta property=\"og:image:type\" content=\"image\/jpeg\" \/>\n<meta name=\"twitter:card\" content=\"summary_large_image\" \/>\n<script type=\"application\/ld+json\" class=\"yoast-schema-graph\">{\"@context\":\"https:\/\/schema.org\",\"@graph\":[{\"@type\":\"WebPage\",\"@id\":\"https:\/\/www.cornwallcontemporary.com\/es\/producto\/david-mankin-recordando-en-libro-de-pintura\/\",\"url\":\"https:\/\/www.cornwallcontemporary.com\/es\/producto\/david-mankin-recordando-en-libro-de-pintura\/\",\"name\":\"Libro 'Recordar en la pintura' de David Mankin - Cornwall Contemporary\",\"isPartOf\":{\"@id\":\"https:\/\/www.cornwallcontemporary.com\/es\/#website\"},\"primaryImageOfPage\":{\"@id\":\"https:\/\/www.cornwallcontemporary.com\/es\/producto\/david-mankin-recordando-en-libro-de-pintura\/#primaryimage\"},\"image\":{\"@id\":\"https:\/\/www.cornwallcontemporary.com\/es\/producto\/david-mankin-recordando-en-libro-de-pintura\/#primaryimage\"},\"thumbnailUrl\":\"https:\/\/www.cornwallcontemporary.com\/wp-content\/uploads\/2021\/07\/David-Mankin_book-cover-1.jpg\",\"datePublished\":\"2021-07-05T08:32:17+00:00\",\"breadcrumb\":{\"@id\":\"https:\/\/www.cornwallcontemporary.com\/es\/producto\/david-mankin-recordando-en-libro-de-pintura\/#breadcrumb\"},\"inLanguage\":\"es\",\"potentialAction\":[{\"@type\":\"ReadAction\",\"target\":[\"https:\/\/www.cornwallcontemporary.com\/es\/producto\/david-mankin-recordando-en-libro-de-pintura\/\"]}]},{\"@type\":\"ImageObject\",\"inLanguage\":\"es\",\"@id\":\"https:\/\/www.cornwallcontemporary.com\/es\/producto\/david-mankin-recordando-en-libro-de-pintura\/#primaryimage\",\"url\":\"https:\/\/www.cornwallcontemporary.com\/wp-content\/uploads\/2021\/07\/David-Mankin_book-cover-1.jpg\",\"contentUrl\":\"https:\/\/www.cornwallcontemporary.com\/wp-content\/uploads\/2021\/07\/David-Mankin_book-cover-1.jpg\",\"width\":1208,\"height\":1417,\"caption\":\"David Mankin book\"},{\"@type\":\"BreadcrumbList\",\"@id\":\"https:\/\/www.cornwallcontemporary.com\/es\/producto\/david-mankin-recordando-en-libro-de-pintura\/#breadcrumb\",\"itemListElement\":[{\"@type\":\"ListItem\",\"position\":1,\"name\":\"Home\",\"item\":\"https:\/\/www.cornwallcontemporary.com\/es\/casa\/\"},{\"@type\":\"ListItem\",\"position\":2,\"name\":\"Tienda\",\"item\":\"https:\/\/www.cornwallcontemporary.com\/es\/tienda\/\"},{\"@type\":\"ListItem\",\"position\":3,\"name\":\"Libro &#8216;Recordar en la pintura&#8217; de David Mankin\"}]},{\"@type\":\"WebSite\",\"@id\":\"https:\/\/www.cornwallcontemporary.com\/es\/#website\",\"url\":\"https:\/\/www.cornwallcontemporary.com\/es\/\",\"name\":\"Cornwall Contemporary\",\"description\":\"Art Gallery, Penzance, Cornwall\",\"publisher\":{\"@id\":\"https:\/\/www.cornwallcontemporary.com\/es\/#organization\"},\"potentialAction\":[{\"@type\":\"SearchAction\",\"target\":{\"@type\":\"EntryPoint\",\"urlTemplate\":\"https:\/\/www.cornwallcontemporary.com\/es\/?s={search_term_string}\"},\"query-input\":{\"@type\":\"PropertyValueSpecification\",\"valueRequired\":true,\"valueName\":\"search_term_string\"}}],\"inLanguage\":\"es\"},{\"@type\":\"Organization\",\"@id\":\"https:\/\/www.cornwallcontemporary.com\/es\/#organization\",\"name\":\"Cornwall Contemporary\",\"url\":\"https:\/\/www.cornwallcontemporary.com\/es\/\",\"logo\":{\"@type\":\"ImageObject\",\"inLanguage\":\"es\",\"@id\":\"https:\/\/www.cornwallcontemporary.com\/es\/#\/schema\/logo\/image\/\",\"url\":\"https:\/\/www.cornwallcontemporary.com\/wp-content\/uploads\/2020\/01\/neve-artist-icon.png\",\"contentUrl\":\"https:\/\/www.cornwallcontemporary.com\/wp-content\/uploads\/2020\/01\/neve-artist-icon.png\",\"width\":512,\"height\":512,\"caption\":\"Cornwall Contemporary\"},\"image\":{\"@id\":\"https:\/\/www.cornwallcontemporary.com\/es\/#\/schema\/logo\/image\/\"}}]}<\/script>\n<!-- \/ Yoast SEO plugin. -->","yoast_head_json":{"title":"Libro 'Recordar en la pintura' de David Mankin - Cornwall Contemporary","robots":{"index":"index","follow":"follow","max-snippet":"max-snippet:-1","max-image-preview":"max-image-preview:large","max-video-preview":"max-video-preview:-1"},"canonical":"https:\/\/www.cornwallcontemporary.com\/es\/producto\/david-mankin-recordando-en-libro-de-pintura\/","og_locale":"es_ES","og_type":"article","og_title":"Libro 'Recordar en la pintura' de David Mankin - Cornwall Contemporary","og_description":"Publicaci\u00f3n extensa y bellamente producida sobre el trabajo de David Mankin. Escrito por Kate Reeve-Edwards con pr\u00f3logo de Sarah Brittain-Mansbridge. 180 p\u00e1ginas. Copia firmada tenga en cuenta que si realiza un pedido desde fuera del Reino Unido, env\u00edenos un correo electr\u00f3nico a sarah@cornwallcontemporary.com para conocer las tarifas postales y completar su pedido","og_url":"https:\/\/www.cornwallcontemporary.com\/es\/producto\/david-mankin-recordando-en-libro-de-pintura\/","og_site_name":"Cornwall Contemporary","og_image":[{"width":1208,"height":1417,"url":"https:\/\/www.cornwallcontemporary.com\/wp-content\/uploads\/2021\/07\/David-Mankin_book-cover-1.jpg","type":"image\/jpeg"}],"twitter_card":"summary_large_image","schema":{"@context":"https:\/\/schema.org","@graph":[{"@type":"WebPage","@id":"https:\/\/www.cornwallcontemporary.com\/es\/producto\/david-mankin-recordando-en-libro-de-pintura\/","url":"https:\/\/www.cornwallcontemporary.com\/es\/producto\/david-mankin-recordando-en-libro-de-pintura\/","name":"Libro 'Recordar en la pintura' de David Mankin - Cornwall Contemporary","isPartOf":{"@id":"https:\/\/www.cornwallcontemporary.com\/es\/#website"},"primaryImageOfPage":{"@id":"https:\/\/www.cornwallcontemporary.com\/es\/producto\/david-mankin-recordando-en-libro-de-pintura\/#primaryimage"},"image":{"@id":"https:\/\/www.cornwallcontemporary.com\/es\/producto\/david-mankin-recordando-en-libro-de-pintura\/#primaryimage"},"thumbnailUrl":"https:\/\/www.cornwallcontemporary.com\/wp-content\/uploads\/2021\/07\/David-Mankin_book-cover-1.jpg","datePublished":"2021-07-05T08:32:17+00:00","breadcrumb":{"@id":"https:\/\/www.cornwallcontemporary.com\/es\/producto\/david-mankin-recordando-en-libro-de-pintura\/#breadcrumb"},"inLanguage":"es","potentialAction":[{"@type":"ReadAction","target":["https:\/\/www.cornwallcontemporary.com\/es\/producto\/david-mankin-recordando-en-libro-de-pintura\/"]}]},{"@type":"ImageObject","inLanguage":"es","@id":"https:\/\/www.cornwallcontemporary.com\/es\/producto\/david-mankin-recordando-en-libro-de-pintura\/#primaryimage","url":"https:\/\/www.cornwallcontemporary.com\/wp-content\/uploads\/2021\/07\/David-Mankin_book-cover-1.jpg","contentUrl":"https:\/\/www.cornwallcontemporary.com\/wp-content\/uploads\/2021\/07\/David-Mankin_book-cover-1.jpg","width":1208,"height":1417,"caption":"David Mankin book"},{"@type":"BreadcrumbList","@id":"https:\/\/www.cornwallcontemporary.com\/es\/producto\/david-mankin-recordando-en-libro-de-pintura\/#breadcrumb","itemListElement":[{"@type":"ListItem","position":1,"name":"Home","item":"https:\/\/www.cornwallcontemporary.com\/es\/casa\/"},{"@type":"ListItem","position":2,"name":"Tienda","item":"https:\/\/www.cornwallcontemporary.com\/es\/tienda\/"},{"@type":"ListItem","position":3,"name":"Libro &#8216;Recordar en la pintura&#8217; de David Mankin"}]},{"@type":"WebSite","@id":"https:\/\/www.cornwallcontemporary.com\/es\/#website","url":"https:\/\/www.cornwallcontemporary.com\/es\/","name":"Cornwall Contemporary","description":"Art Gallery, Penzance, Cornwall","publisher":{"@id":"https:\/\/www.cornwallcontemporary.com\/es\/#organization"},"potentialAction":[{"@type":"SearchAction","target":{"@type":"EntryPoint","urlTemplate":"https:\/\/www.cornwallcontemporary.com\/es\/?s={search_term_string}"},"query-input":{"@type":"PropertyValueSpecification","valueRequired":true,"valueName":"search_term_string"}}],"inLanguage":"es"},{"@type":"Organization","@id":"https:\/\/www.cornwallcontemporary.com\/es\/#organization","name":"Cornwall Contemporary","url":"https:\/\/www.cornwallcontemporary.com\/es\/","logo":{"@type":"ImageObject","inLanguage":"es","@id":"https:\/\/www.cornwallcontemporary.com\/es\/#\/schema\/logo\/image\/","url":"https:\/\/www.cornwallcontemporary.com\/wp-content\/uploads\/2020\/01\/neve-artist-icon.png","contentUrl":"https:\/\/www.cornwallcontemporary.com\/wp-content\/uploads\/2020\/01\/neve-artist-icon.png","width":512,"height":512,"caption":"Cornwall Contemporary"},"image":{"@id":"https:\/\/www.cornwallcontemporary.com\/es\/#\/schema\/logo\/image\/"}}]}},"_links":{"self":[{"href":"https:\/\/www.cornwallcontemporary.com\/es\/wp-json\/wp\/v2\/product\/32112","targetHints":{"allow":["GET"]}}],"collection":[{"href":"https:\/\/www.cornwallcontemporary.com\/es\/wp-json\/wp\/v2\/product"}],"about":[{"href":"https:\/\/www.cornwallcontemporary.com\/es\/wp-json\/wp\/v2\/types\/product"}],"wp:featuredmedia":[{"embeddable":true,"href":"https:\/\/www.cornwallcontemporary.com\/es\/wp-json\/wp\/v2\/media\/22295"}],"wp:attachment":[{"href":"https:\/\/www.cornwallcontemporary.com\/es\/wp-json\/wp\/v2\/media?parent=32112"}],"wp:term":[{"taxonomy":"product_brand","embeddable":true,"href":"https:\/\/www.cornwallcontemporary.com\/es\/wp-json\/wp\/v2\/product_brand?post=32112"},{"taxonomy":"product_cat","embeddable":true,"href":"https:\/\/www.cornwallcontemporary.com\/es\/wp-json\/wp\/v2\/product_cat?post=32112"},{"taxonomy":"product_tag","embeddable":true,"href":"https:\/\/www.cornwallcontemporary.com\/es\/wp-json\/wp\/v2\/product_tag?post=32112"}],"curies":[{"name":"wp","href":"https:\/\/api.w.org\/{rel}","templated":true}]}}