{"id":32064,"date":"2021-03-12T12:01:46","date_gmt":"2021-03-12T12:01:46","guid":{"rendered":"https:\/\/www.wfdboosted.co.uk\/ccwp\/product\/neil-pinkett-catalogo-de-agua\/"},"modified":"2021-03-12T12:01:46","modified_gmt":"2021-03-12T12:01:46","slug":"neil-pinkett-catalogo-de-agua","status":"publish","type":"product","link":"https:\/\/www.cornwallcontemporary.com\/es\/producto\/neil-pinkett-catalogo-de-agua\/","title":{"rendered":"Neil Pinkett &#8211; Cat\u00e1logo de agua"},"content":{"rendered":"","protected":false},"excerpt":{"rendered":"<p>Cat\u00e1logo de 24 p\u00e1ginas producido para acompa\u00f1ar la exposici\u00f3n &#8216;Agua&#8217; de Neil Pinkett 2021 en Cornwall Contemporary<\/p>\n","protected":false},"featured_media":22491,"template":"","meta":{"_monsterinsights_skip_tracking":false,"_monsterinsights_sitenote_active":false,"_monsterinsights_sitenote_note":"","_monsterinsights_sitenote_category":0,"neve_meta_sidebar":"","neve_meta_container":"","neve_meta_enable_content_width":"off","neve_meta_content_width":100,"neve_meta_title_alignment":"","neve_meta_author_avatar":"","neve_post_elements_order":"","neve_meta_disable_header":"","neve_meta_disable_footer":"","neve_meta_disable_title":"","neve_meta_reading_time":"","_themeisle_gutenberg_block_has_review":false},"product_brand":[],"product_cat":[229],"product_tag":[641],"class_list":{"0":"post-32064","1":"product","2":"type-product","3":"status-publish","4":"has-post-thumbnail","6":"product_cat-libros","7":"product_tag-neil-pinkett-es","8":"product_shipping_class-books","10":"first","11":"instock","12":"shipping-taxable","13":"purchasable","14":"product-type-simple"},"yoast_head":"<!-- This site is optimized with the Yoast SEO plugin v27.1.1 - https:\/\/yoast.com\/product\/yoast-seo-wordpress\/ -->\n<title>Neil Pinkett - Cat\u00e1logo de agua - Cornwall Contemporary<\/title>\n<meta name=\"robots\" content=\"index, follow, max-snippet:-1, max-image-preview:large, max-video-preview:-1\" \/>\n<link rel=\"canonical\" href=\"https:\/\/www.cornwallcontemporary.com\/es\/producto\/neil-pinkett-catalogo-de-agua\/\" \/>\n<meta property=\"og:locale\" content=\"es_ES\" \/>\n<meta property=\"og:type\" content=\"article\" \/>\n<meta property=\"og:title\" content=\"Neil Pinkett - Cat\u00e1logo de agua - Cornwall Contemporary\" \/>\n<meta property=\"og:description\" content=\"Cat\u00e1logo de 24 p\u00e1ginas producido para acompa\u00f1ar la exposici\u00f3n &#039;Agua&#039; de Neil Pinkett 2021 en Cornwall Contemporary\" \/>\n<meta property=\"og:url\" content=\"https:\/\/www.cornwallcontemporary.com\/es\/producto\/neil-pinkett-catalogo-de-agua\/\" \/>\n<meta property=\"og:site_name\" content=\"Cornwall Contemporary\" \/>\n<meta property=\"og:image\" content=\"https:\/\/www.cornwallcontemporary.com\/wp-content\/uploads\/2021\/03\/Neil-2021-catalogue.jpg\" \/>\n\t<meta property=\"og:image:width\" content=\"1276\" \/>\n\t<meta property=\"og:image:height\" content=\"1030\" \/>\n\t<meta property=\"og:image:type\" content=\"image\/jpeg\" \/>\n<meta name=\"twitter:card\" content=\"summary_large_image\" \/>\n<script type=\"application\/ld+json\" class=\"yoast-schema-graph\">{\"@context\":\"https:\/\/schema.org\",\"@graph\":[{\"@type\":\"WebPage\",\"@id\":\"https:\/\/www.cornwallcontemporary.com\/es\/producto\/neil-pinkett-catalogo-de-agua\/\",\"url\":\"https:\/\/www.cornwallcontemporary.com\/es\/producto\/neil-pinkett-catalogo-de-agua\/\",\"name\":\"Neil Pinkett - Cat\u00e1logo de agua - Cornwall Contemporary\",\"isPartOf\":{\"@id\":\"https:\/\/www.cornwallcontemporary.com\/es\/#website\"},\"primaryImageOfPage\":{\"@id\":\"https:\/\/www.cornwallcontemporary.com\/es\/producto\/neil-pinkett-catalogo-de-agua\/#primaryimage\"},\"image\":{\"@id\":\"https:\/\/www.cornwallcontemporary.com\/es\/producto\/neil-pinkett-catalogo-de-agua\/#primaryimage\"},\"thumbnailUrl\":\"https:\/\/www.cornwallcontemporary.com\/wp-content\/uploads\/2021\/03\/Neil-2021-catalogue.jpg\",\"datePublished\":\"2021-03-12T12:01:46+00:00\",\"breadcrumb\":{\"@id\":\"https:\/\/www.cornwallcontemporary.com\/es\/producto\/neil-pinkett-catalogo-de-agua\/#breadcrumb\"},\"inLanguage\":\"es\",\"potentialAction\":[{\"@type\":\"ReadAction\",\"target\":[\"https:\/\/www.cornwallcontemporary.com\/es\/producto\/neil-pinkett-catalogo-de-agua\/\"]}]},{\"@type\":\"ImageObject\",\"inLanguage\":\"es\",\"@id\":\"https:\/\/www.cornwallcontemporary.com\/es\/producto\/neil-pinkett-catalogo-de-agua\/#primaryimage\",\"url\":\"https:\/\/www.cornwallcontemporary.com\/wp-content\/uploads\/2021\/03\/Neil-2021-catalogue.jpg\",\"contentUrl\":\"https:\/\/www.cornwallcontemporary.com\/wp-content\/uploads\/2021\/03\/Neil-2021-catalogue.jpg\",\"width\":1276,\"height\":1030},{\"@type\":\"BreadcrumbList\",\"@id\":\"https:\/\/www.cornwallcontemporary.com\/es\/producto\/neil-pinkett-catalogo-de-agua\/#breadcrumb\",\"itemListElement\":[{\"@type\":\"ListItem\",\"position\":1,\"name\":\"Home\",\"item\":\"https:\/\/www.cornwallcontemporary.com\/es\/casa\/\"},{\"@type\":\"ListItem\",\"position\":2,\"name\":\"Tienda\",\"item\":\"https:\/\/www.cornwallcontemporary.com\/es\/tienda\/\"},{\"@type\":\"ListItem\",\"position\":3,\"name\":\"Neil Pinkett &#8211; Cat\u00e1logo de agua\"}]},{\"@type\":\"WebSite\",\"@id\":\"https:\/\/www.cornwallcontemporary.com\/es\/#website\",\"url\":\"https:\/\/www.cornwallcontemporary.com\/es\/\",\"name\":\"Cornwall Contemporary\",\"description\":\"Art Gallery, Penzance, Cornwall\",\"publisher\":{\"@id\":\"https:\/\/www.cornwallcontemporary.com\/es\/#organization\"},\"potentialAction\":[{\"@type\":\"SearchAction\",\"target\":{\"@type\":\"EntryPoint\",\"urlTemplate\":\"https:\/\/www.cornwallcontemporary.com\/es\/?s={search_term_string}\"},\"query-input\":{\"@type\":\"PropertyValueSpecification\",\"valueRequired\":true,\"valueName\":\"search_term_string\"}}],\"inLanguage\":\"es\"},{\"@type\":\"Organization\",\"@id\":\"https:\/\/www.cornwallcontemporary.com\/es\/#organization\",\"name\":\"Cornwall Contemporary\",\"url\":\"https:\/\/www.cornwallcontemporary.com\/es\/\",\"logo\":{\"@type\":\"ImageObject\",\"inLanguage\":\"es\",\"@id\":\"https:\/\/www.cornwallcontemporary.com\/es\/#\/schema\/logo\/image\/\",\"url\":\"https:\/\/www.cornwallcontemporary.com\/wp-content\/uploads\/2020\/01\/neve-artist-icon.png\",\"contentUrl\":\"https:\/\/www.cornwallcontemporary.com\/wp-content\/uploads\/2020\/01\/neve-artist-icon.png\",\"width\":512,\"height\":512,\"caption\":\"Cornwall Contemporary\"},\"image\":{\"@id\":\"https:\/\/www.cornwallcontemporary.com\/es\/#\/schema\/logo\/image\/\"}}]}<\/script>\n<!-- \/ Yoast SEO plugin. -->","yoast_head_json":{"title":"Neil Pinkett - Cat\u00e1logo de agua - Cornwall Contemporary","robots":{"index":"index","follow":"follow","max-snippet":"max-snippet:-1","max-image-preview":"max-image-preview:large","max-video-preview":"max-video-preview:-1"},"canonical":"https:\/\/www.cornwallcontemporary.com\/es\/producto\/neil-pinkett-catalogo-de-agua\/","og_locale":"es_ES","og_type":"article","og_title":"Neil Pinkett - Cat\u00e1logo de agua - Cornwall Contemporary","og_description":"Cat\u00e1logo de 24 p\u00e1ginas producido para acompa\u00f1ar la exposici\u00f3n 'Agua' de Neil Pinkett 2021 en Cornwall Contemporary","og_url":"https:\/\/www.cornwallcontemporary.com\/es\/producto\/neil-pinkett-catalogo-de-agua\/","og_site_name":"Cornwall Contemporary","og_image":[{"width":1276,"height":1030,"url":"https:\/\/www.cornwallcontemporary.com\/wp-content\/uploads\/2021\/03\/Neil-2021-catalogue.jpg","type":"image\/jpeg"}],"twitter_card":"summary_large_image","schema":{"@context":"https:\/\/schema.org","@graph":[{"@type":"WebPage","@id":"https:\/\/www.cornwallcontemporary.com\/es\/producto\/neil-pinkett-catalogo-de-agua\/","url":"https:\/\/www.cornwallcontemporary.com\/es\/producto\/neil-pinkett-catalogo-de-agua\/","name":"Neil Pinkett - Cat\u00e1logo de agua - Cornwall Contemporary","isPartOf":{"@id":"https:\/\/www.cornwallcontemporary.com\/es\/#website"},"primaryImageOfPage":{"@id":"https:\/\/www.cornwallcontemporary.com\/es\/producto\/neil-pinkett-catalogo-de-agua\/#primaryimage"},"image":{"@id":"https:\/\/www.cornwallcontemporary.com\/es\/producto\/neil-pinkett-catalogo-de-agua\/#primaryimage"},"thumbnailUrl":"https:\/\/www.cornwallcontemporary.com\/wp-content\/uploads\/2021\/03\/Neil-2021-catalogue.jpg","datePublished":"2021-03-12T12:01:46+00:00","breadcrumb":{"@id":"https:\/\/www.cornwallcontemporary.com\/es\/producto\/neil-pinkett-catalogo-de-agua\/#breadcrumb"},"inLanguage":"es","potentialAction":[{"@type":"ReadAction","target":["https:\/\/www.cornwallcontemporary.com\/es\/producto\/neil-pinkett-catalogo-de-agua\/"]}]},{"@type":"ImageObject","inLanguage":"es","@id":"https:\/\/www.cornwallcontemporary.com\/es\/producto\/neil-pinkett-catalogo-de-agua\/#primaryimage","url":"https:\/\/www.cornwallcontemporary.com\/wp-content\/uploads\/2021\/03\/Neil-2021-catalogue.jpg","contentUrl":"https:\/\/www.cornwallcontemporary.com\/wp-content\/uploads\/2021\/03\/Neil-2021-catalogue.jpg","width":1276,"height":1030},{"@type":"BreadcrumbList","@id":"https:\/\/www.cornwallcontemporary.com\/es\/producto\/neil-pinkett-catalogo-de-agua\/#breadcrumb","itemListElement":[{"@type":"ListItem","position":1,"name":"Home","item":"https:\/\/www.cornwallcontemporary.com\/es\/casa\/"},{"@type":"ListItem","position":2,"name":"Tienda","item":"https:\/\/www.cornwallcontemporary.com\/es\/tienda\/"},{"@type":"ListItem","position":3,"name":"Neil Pinkett &#8211; Cat\u00e1logo de agua"}]},{"@type":"WebSite","@id":"https:\/\/www.cornwallcontemporary.com\/es\/#website","url":"https:\/\/www.cornwallcontemporary.com\/es\/","name":"Cornwall Contemporary","description":"Art Gallery, Penzance, Cornwall","publisher":{"@id":"https:\/\/www.cornwallcontemporary.com\/es\/#organization"},"potentialAction":[{"@type":"SearchAction","target":{"@type":"EntryPoint","urlTemplate":"https:\/\/www.cornwallcontemporary.com\/es\/?s={search_term_string}"},"query-input":{"@type":"PropertyValueSpecification","valueRequired":true,"valueName":"search_term_string"}}],"inLanguage":"es"},{"@type":"Organization","@id":"https:\/\/www.cornwallcontemporary.com\/es\/#organization","name":"Cornwall Contemporary","url":"https:\/\/www.cornwallcontemporary.com\/es\/","logo":{"@type":"ImageObject","inLanguage":"es","@id":"https:\/\/www.cornwallcontemporary.com\/es\/#\/schema\/logo\/image\/","url":"https:\/\/www.cornwallcontemporary.com\/wp-content\/uploads\/2020\/01\/neve-artist-icon.png","contentUrl":"https:\/\/www.cornwallcontemporary.com\/wp-content\/uploads\/2020\/01\/neve-artist-icon.png","width":512,"height":512,"caption":"Cornwall Contemporary"},"image":{"@id":"https:\/\/www.cornwallcontemporary.com\/es\/#\/schema\/logo\/image\/"}}]}},"_links":{"self":[{"href":"https:\/\/www.cornwallcontemporary.com\/es\/wp-json\/wp\/v2\/product\/32064","targetHints":{"allow":["GET"]}}],"collection":[{"href":"https:\/\/www.cornwallcontemporary.com\/es\/wp-json\/wp\/v2\/product"}],"about":[{"href":"https:\/\/www.cornwallcontemporary.com\/es\/wp-json\/wp\/v2\/types\/product"}],"wp:featuredmedia":[{"embeddable":true,"href":"https:\/\/www.cornwallcontemporary.com\/es\/wp-json\/wp\/v2\/media\/22491"}],"wp:attachment":[{"href":"https:\/\/www.cornwallcontemporary.com\/es\/wp-json\/wp\/v2\/media?parent=32064"}],"wp:term":[{"taxonomy":"product_brand","embeddable":true,"href":"https:\/\/www.cornwallcontemporary.com\/es\/wp-json\/wp\/v2\/product_brand?post=32064"},{"taxonomy":"product_cat","embeddable":true,"href":"https:\/\/www.cornwallcontemporary.com\/es\/wp-json\/wp\/v2\/product_cat?post=32064"},{"taxonomy":"product_tag","embeddable":true,"href":"https:\/\/www.cornwallcontemporary.com\/es\/wp-json\/wp\/v2\/product_tag?post=32064"}],"curies":[{"name":"wp","href":"https:\/\/api.w.org\/{rel}","templated":true}]}}