{"id":31685,"date":"2022-04-22T10:23:18","date_gmt":"2022-04-22T09:23:18","guid":{"rendered":"https:\/\/www.wfdboosted.co.uk\/ccwp\/product\/jim-moir-vic-reeves-catalogo-el-senor-del-jardin-radiante\/"},"modified":"2022-04-22T10:23:18","modified_gmt":"2022-04-22T09:23:18","slug":"jim-moir-vic-reeves-el-senor-de-los-jardines-radiantes-catalogo","status":"publish","type":"product","link":"https:\/\/www.cornwallcontemporary.com\/es\/producto\/jim-moir-vic-reeves-el-senor-de-los-jardines-radiantes-catalogo\/","title":{"rendered":"Jim Moir \/ Vic Reeves &#8211; Cat\u00e1logo El Se\u00f1or del Jard\u00edn Radiante"},"content":{"rendered":"","protected":false},"excerpt":{"rendered":"<p>pedidos anticipados para el cat\u00e1logo a todo color producido para acompa\u00f1ar la exposici\u00f3n 2022 de Jim Moir &#8216;The Lord of the Radiant Garden&#8217; en Cornwall Contemporary<\/p>\n","protected":false},"featured_media":32490,"template":"","meta":{"_monsterinsights_skip_tracking":false,"_monsterinsights_sitenote_active":false,"_monsterinsights_sitenote_note":"","_monsterinsights_sitenote_category":0,"neve_meta_sidebar":"","neve_meta_container":"","neve_meta_enable_content_width":"off","neve_meta_content_width":100,"neve_meta_title_alignment":"","neve_meta_author_avatar":"","neve_post_elements_order":"","neve_meta_disable_header":"","neve_meta_disable_footer":"","neve_meta_disable_title":"","neve_meta_reading_time":"","_themeisle_gutenberg_block_has_review":false},"product_brand":[],"product_cat":[229],"product_tag":[236,234,239,241],"class_list":{"0":"post-31685","1":"product","2":"type-product","3":"status-publish","4":"has-post-thumbnail","6":"product_cat-libros","7":"product_tag-catalogo-de-la-exposicion","8":"product_tag-contemporaneo-de-cornualles","9":"product_tag-jim-muare","10":"product_tag-vic-reeves-es","11":"product_shipping_class-books","13":"first","14":"instock","15":"shipping-taxable","16":"purchasable","17":"product-type-simple"},"yoast_head":"<!-- This site is optimized with the Yoast SEO plugin v27.1.1 - https:\/\/yoast.com\/product\/yoast-seo-wordpress\/ -->\n<title>Jim Moir \/ Vic Reeves - Cat\u00e1logo El Se\u00f1or del Jard\u00edn Radiante - Cornwall Contemporary<\/title>\n<meta name=\"description\" content=\"Cat\u00e1logo de la exposici\u00f3n de Jim Moir\/ Vic Reeves &#039;El Se\u00f1or del Jard\u00edn Radiante&#039; exposici\u00f3n en Cornwall Contemporary Gallery\" \/>\n<meta name=\"robots\" content=\"index, follow, max-snippet:-1, max-image-preview:large, max-video-preview:-1\" \/>\n<link rel=\"canonical\" href=\"https:\/\/www.cornwallcontemporary.com\/es\/producto\/jim-moir-vic-reeves-el-senor-de-los-jardines-radiantes-catalogo\/\" \/>\n<meta property=\"og:locale\" content=\"es_ES\" \/>\n<meta property=\"og:type\" content=\"article\" \/>\n<meta property=\"og:title\" content=\"Jim Moir \/ Vic Reeves - Cat\u00e1logo El Se\u00f1or del Jard\u00edn Radiante - Cornwall Contemporary\" \/>\n<meta property=\"og:description\" content=\"Cat\u00e1logo de la exposici\u00f3n de Jim Moir\/ Vic Reeves &#039;El Se\u00f1or del Jard\u00edn Radiante&#039; exposici\u00f3n en Cornwall Contemporary Gallery\" \/>\n<meta property=\"og:url\" content=\"https:\/\/www.cornwallcontemporary.com\/es\/producto\/jim-moir-vic-reeves-el-senor-de-los-jardines-radiantes-catalogo\/\" \/>\n<meta property=\"og:site_name\" content=\"Cornwall Contemporary\" \/>\n<meta property=\"og:image\" content=\"https:\/\/www.cornwallcontemporary.com\/wp-content\/uploads\/2021\/07\/jim-moir-catalogue-front-cover-e1666701068216.jpg\" \/>\n\t<meta property=\"og:image:width\" content=\"1417\" \/>\n\t<meta property=\"og:image:height\" content=\"1145\" \/>\n\t<meta property=\"og:image:type\" content=\"image\/jpeg\" \/>\n<meta name=\"twitter:card\" content=\"summary_large_image\" \/>\n<script type=\"application\/ld+json\" class=\"yoast-schema-graph\">{\"@context\":\"https:\/\/schema.org\",\"@graph\":[{\"@type\":\"WebPage\",\"@id\":\"https:\/\/www.cornwallcontemporary.com\/es\/producto\/jim-moir-vic-reeves-el-senor-de-los-jardines-radiantes-catalogo\/\",\"url\":\"https:\/\/www.cornwallcontemporary.com\/es\/producto\/jim-moir-vic-reeves-el-senor-de-los-jardines-radiantes-catalogo\/\",\"name\":\"Jim Moir \/ Vic Reeves - Cat\u00e1logo El Se\u00f1or del Jard\u00edn Radiante - Cornwall Contemporary\",\"isPartOf\":{\"@id\":\"https:\/\/www.cornwallcontemporary.com\/es\/#website\"},\"primaryImageOfPage\":{\"@id\":\"https:\/\/www.cornwallcontemporary.com\/es\/producto\/jim-moir-vic-reeves-el-senor-de-los-jardines-radiantes-catalogo\/#primaryimage\"},\"image\":{\"@id\":\"https:\/\/www.cornwallcontemporary.com\/es\/producto\/jim-moir-vic-reeves-el-senor-de-los-jardines-radiantes-catalogo\/#primaryimage\"},\"thumbnailUrl\":\"https:\/\/www.cornwallcontemporary.com\/wp-content\/uploads\/2021\/07\/jim-moir-catalogue-front-cover-e1666701068216.jpg\",\"datePublished\":\"2022-04-22T09:23:18+00:00\",\"description\":\"Cat\u00e1logo de la exposici\u00f3n de Jim Moir\/ Vic Reeves 'El Se\u00f1or del Jard\u00edn Radiante' exposici\u00f3n en Cornwall Contemporary Gallery\",\"breadcrumb\":{\"@id\":\"https:\/\/www.cornwallcontemporary.com\/es\/producto\/jim-moir-vic-reeves-el-senor-de-los-jardines-radiantes-catalogo\/#breadcrumb\"},\"inLanguage\":\"es\",\"potentialAction\":[{\"@type\":\"ReadAction\",\"target\":[\"https:\/\/www.cornwallcontemporary.com\/es\/producto\/jim-moir-vic-reeves-el-senor-de-los-jardines-radiantes-catalogo\/\"]}]},{\"@type\":\"ImageObject\",\"inLanguage\":\"es\",\"@id\":\"https:\/\/www.cornwallcontemporary.com\/es\/producto\/jim-moir-vic-reeves-el-senor-de-los-jardines-radiantes-catalogo\/#primaryimage\",\"url\":\"https:\/\/www.cornwallcontemporary.com\/wp-content\/uploads\/2021\/07\/jim-moir-catalogue-front-cover-e1666701068216.jpg\",\"contentUrl\":\"https:\/\/www.cornwallcontemporary.com\/wp-content\/uploads\/2021\/07\/jim-moir-catalogue-front-cover-e1666701068216.jpg\",\"width\":1417,\"height\":1145},{\"@type\":\"BreadcrumbList\",\"@id\":\"https:\/\/www.cornwallcontemporary.com\/es\/producto\/jim-moir-vic-reeves-el-senor-de-los-jardines-radiantes-catalogo\/#breadcrumb\",\"itemListElement\":[{\"@type\":\"ListItem\",\"position\":1,\"name\":\"Home\",\"item\":\"https:\/\/www.cornwallcontemporary.com\/es\/casa\/\"},{\"@type\":\"ListItem\",\"position\":2,\"name\":\"Tienda\",\"item\":\"https:\/\/www.cornwallcontemporary.com\/es\/tienda\/\"},{\"@type\":\"ListItem\",\"position\":3,\"name\":\"Jim Moir \/ Vic Reeves &#8211; Cat\u00e1logo El Se\u00f1or del Jard\u00edn Radiante\"}]},{\"@type\":\"WebSite\",\"@id\":\"https:\/\/www.cornwallcontemporary.com\/es\/#website\",\"url\":\"https:\/\/www.cornwallcontemporary.com\/es\/\",\"name\":\"Cornwall Contemporary\",\"description\":\"Art Gallery, Penzance, Cornwall\",\"publisher\":{\"@id\":\"https:\/\/www.cornwallcontemporary.com\/es\/#organization\"},\"potentialAction\":[{\"@type\":\"SearchAction\",\"target\":{\"@type\":\"EntryPoint\",\"urlTemplate\":\"https:\/\/www.cornwallcontemporary.com\/es\/?s={search_term_string}\"},\"query-input\":{\"@type\":\"PropertyValueSpecification\",\"valueRequired\":true,\"valueName\":\"search_term_string\"}}],\"inLanguage\":\"es\"},{\"@type\":\"Organization\",\"@id\":\"https:\/\/www.cornwallcontemporary.com\/es\/#organization\",\"name\":\"Cornwall Contemporary\",\"url\":\"https:\/\/www.cornwallcontemporary.com\/es\/\",\"logo\":{\"@type\":\"ImageObject\",\"inLanguage\":\"es\",\"@id\":\"https:\/\/www.cornwallcontemporary.com\/es\/#\/schema\/logo\/image\/\",\"url\":\"https:\/\/www.cornwallcontemporary.com\/wp-content\/uploads\/2020\/01\/neve-artist-icon.png\",\"contentUrl\":\"https:\/\/www.cornwallcontemporary.com\/wp-content\/uploads\/2020\/01\/neve-artist-icon.png\",\"width\":512,\"height\":512,\"caption\":\"Cornwall Contemporary\"},\"image\":{\"@id\":\"https:\/\/www.cornwallcontemporary.com\/es\/#\/schema\/logo\/image\/\"}}]}<\/script>\n<!-- \/ Yoast SEO plugin. -->","yoast_head_json":{"title":"Jim Moir \/ Vic Reeves - Cat\u00e1logo El Se\u00f1or del Jard\u00edn Radiante - Cornwall Contemporary","description":"Cat\u00e1logo de la exposici\u00f3n de Jim Moir\/ Vic Reeves 'El Se\u00f1or del Jard\u00edn Radiante' exposici\u00f3n en Cornwall Contemporary Gallery","robots":{"index":"index","follow":"follow","max-snippet":"max-snippet:-1","max-image-preview":"max-image-preview:large","max-video-preview":"max-video-preview:-1"},"canonical":"https:\/\/www.cornwallcontemporary.com\/es\/producto\/jim-moir-vic-reeves-el-senor-de-los-jardines-radiantes-catalogo\/","og_locale":"es_ES","og_type":"article","og_title":"Jim Moir \/ Vic Reeves - Cat\u00e1logo El Se\u00f1or del Jard\u00edn Radiante - Cornwall Contemporary","og_description":"Cat\u00e1logo de la exposici\u00f3n de Jim Moir\/ Vic Reeves 'El Se\u00f1or del Jard\u00edn Radiante' exposici\u00f3n en Cornwall Contemporary Gallery","og_url":"https:\/\/www.cornwallcontemporary.com\/es\/producto\/jim-moir-vic-reeves-el-senor-de-los-jardines-radiantes-catalogo\/","og_site_name":"Cornwall Contemporary","og_image":[{"width":1417,"height":1145,"url":"https:\/\/www.cornwallcontemporary.com\/wp-content\/uploads\/2021\/07\/jim-moir-catalogue-front-cover-e1666701068216.jpg","type":"image\/jpeg"}],"twitter_card":"summary_large_image","schema":{"@context":"https:\/\/schema.org","@graph":[{"@type":"WebPage","@id":"https:\/\/www.cornwallcontemporary.com\/es\/producto\/jim-moir-vic-reeves-el-senor-de-los-jardines-radiantes-catalogo\/","url":"https:\/\/www.cornwallcontemporary.com\/es\/producto\/jim-moir-vic-reeves-el-senor-de-los-jardines-radiantes-catalogo\/","name":"Jim Moir \/ Vic Reeves - Cat\u00e1logo El Se\u00f1or del Jard\u00edn Radiante - Cornwall Contemporary","isPartOf":{"@id":"https:\/\/www.cornwallcontemporary.com\/es\/#website"},"primaryImageOfPage":{"@id":"https:\/\/www.cornwallcontemporary.com\/es\/producto\/jim-moir-vic-reeves-el-senor-de-los-jardines-radiantes-catalogo\/#primaryimage"},"image":{"@id":"https:\/\/www.cornwallcontemporary.com\/es\/producto\/jim-moir-vic-reeves-el-senor-de-los-jardines-radiantes-catalogo\/#primaryimage"},"thumbnailUrl":"https:\/\/www.cornwallcontemporary.com\/wp-content\/uploads\/2021\/07\/jim-moir-catalogue-front-cover-e1666701068216.jpg","datePublished":"2022-04-22T09:23:18+00:00","description":"Cat\u00e1logo de la exposici\u00f3n de Jim Moir\/ Vic Reeves 'El Se\u00f1or del Jard\u00edn Radiante' exposici\u00f3n en Cornwall Contemporary Gallery","breadcrumb":{"@id":"https:\/\/www.cornwallcontemporary.com\/es\/producto\/jim-moir-vic-reeves-el-senor-de-los-jardines-radiantes-catalogo\/#breadcrumb"},"inLanguage":"es","potentialAction":[{"@type":"ReadAction","target":["https:\/\/www.cornwallcontemporary.com\/es\/producto\/jim-moir-vic-reeves-el-senor-de-los-jardines-radiantes-catalogo\/"]}]},{"@type":"ImageObject","inLanguage":"es","@id":"https:\/\/www.cornwallcontemporary.com\/es\/producto\/jim-moir-vic-reeves-el-senor-de-los-jardines-radiantes-catalogo\/#primaryimage","url":"https:\/\/www.cornwallcontemporary.com\/wp-content\/uploads\/2021\/07\/jim-moir-catalogue-front-cover-e1666701068216.jpg","contentUrl":"https:\/\/www.cornwallcontemporary.com\/wp-content\/uploads\/2021\/07\/jim-moir-catalogue-front-cover-e1666701068216.jpg","width":1417,"height":1145},{"@type":"BreadcrumbList","@id":"https:\/\/www.cornwallcontemporary.com\/es\/producto\/jim-moir-vic-reeves-el-senor-de-los-jardines-radiantes-catalogo\/#breadcrumb","itemListElement":[{"@type":"ListItem","position":1,"name":"Home","item":"https:\/\/www.cornwallcontemporary.com\/es\/casa\/"},{"@type":"ListItem","position":2,"name":"Tienda","item":"https:\/\/www.cornwallcontemporary.com\/es\/tienda\/"},{"@type":"ListItem","position":3,"name":"Jim Moir \/ Vic Reeves &#8211; Cat\u00e1logo El Se\u00f1or del Jard\u00edn Radiante"}]},{"@type":"WebSite","@id":"https:\/\/www.cornwallcontemporary.com\/es\/#website","url":"https:\/\/www.cornwallcontemporary.com\/es\/","name":"Cornwall Contemporary","description":"Art Gallery, Penzance, Cornwall","publisher":{"@id":"https:\/\/www.cornwallcontemporary.com\/es\/#organization"},"potentialAction":[{"@type":"SearchAction","target":{"@type":"EntryPoint","urlTemplate":"https:\/\/www.cornwallcontemporary.com\/es\/?s={search_term_string}"},"query-input":{"@type":"PropertyValueSpecification","valueRequired":true,"valueName":"search_term_string"}}],"inLanguage":"es"},{"@type":"Organization","@id":"https:\/\/www.cornwallcontemporary.com\/es\/#organization","name":"Cornwall Contemporary","url":"https:\/\/www.cornwallcontemporary.com\/es\/","logo":{"@type":"ImageObject","inLanguage":"es","@id":"https:\/\/www.cornwallcontemporary.com\/es\/#\/schema\/logo\/image\/","url":"https:\/\/www.cornwallcontemporary.com\/wp-content\/uploads\/2020\/01\/neve-artist-icon.png","contentUrl":"https:\/\/www.cornwallcontemporary.com\/wp-content\/uploads\/2020\/01\/neve-artist-icon.png","width":512,"height":512,"caption":"Cornwall Contemporary"},"image":{"@id":"https:\/\/www.cornwallcontemporary.com\/es\/#\/schema\/logo\/image\/"}}]}},"_links":{"self":[{"href":"https:\/\/www.cornwallcontemporary.com\/es\/wp-json\/wp\/v2\/product\/31685","targetHints":{"allow":["GET"]}}],"collection":[{"href":"https:\/\/www.cornwallcontemporary.com\/es\/wp-json\/wp\/v2\/product"}],"about":[{"href":"https:\/\/www.cornwallcontemporary.com\/es\/wp-json\/wp\/v2\/types\/product"}],"wp:featuredmedia":[{"embeddable":true,"href":"https:\/\/www.cornwallcontemporary.com\/es\/wp-json\/wp\/v2\/media\/32490"}],"wp:attachment":[{"href":"https:\/\/www.cornwallcontemporary.com\/es\/wp-json\/wp\/v2\/media?parent=31685"}],"wp:term":[{"taxonomy":"product_brand","embeddable":true,"href":"https:\/\/www.cornwallcontemporary.com\/es\/wp-json\/wp\/v2\/product_brand?post=31685"},{"taxonomy":"product_cat","embeddable":true,"href":"https:\/\/www.cornwallcontemporary.com\/es\/wp-json\/wp\/v2\/product_cat?post=31685"},{"taxonomy":"product_tag","embeddable":true,"href":"https:\/\/www.cornwallcontemporary.com\/es\/wp-json\/wp\/v2\/product_tag?post=31685"}],"curies":[{"name":"wp","href":"https:\/\/api.w.org\/{rel}","templated":true}]}}