{"id":17421,"date":"2022-06-06T10:40:57","date_gmt":"2022-06-06T09:40:57","guid":{"rendered":"https:\/\/www.wfdboosted.co.uk\/ccwp\/datenschutz-bestimmungen\/"},"modified":"2022-06-16T11:02:23","modified_gmt":"2022-06-16T10:02:23","slug":"datenschutz-bestimmungen","status":"publish","type":"page","link":"https:\/\/www.cornwallcontemporary.com\/de\/datenschutz-bestimmungen\/","title":{"rendered":"Datenschutz-Bestimmungen"},"content":{"rendered":"\n<div id=\"wp-block-themeisle-blocks-advanced-columns-024fcad6\" class=\"wp-block-themeisle-blocks-advanced-columns alignwide has-1-columns has-desktop-equal-layout has-tablet-equal-layout has-mobile-equal-layout has-vertical-unset\"><div class=\"wp-block-themeisle-blocks-advanced-columns-overlay\"><\/div><div class=\"innerblocks-wrap\">\n<div id=\"wp-block-themeisle-blocks-advanced-column-a1222694\" class=\"wp-block-themeisle-blocks-advanced-column\">\n<h1 class=\"alignwide has-text-align-left has-neve-link-hover-color-color has-text-color wp-block-heading\">Datenschutz-Bestimmungen<\/h1>\n\n\n\n<p class=\"has-neve-link-hover-color-color has-text-color\">Diese Datenschutzrichtlinie erl\u00e4utert, wie Cornwall Contemporary die personenbezogenen Daten verwendet, die wir von Ihnen erfassen, wenn Sie unsere Website nutzen.<\/p>\n\n\n\n<h2 class=\"has-large-font-size wp-block-heading\">Themen<\/h2>\n\n\n\n<ul class=\"wp-block-list\"><li><a href=\"#whatdata\">Welche Daten erheben wir?<\/a><\/li><li><a href=\"#howcollect\">Wie erfassen wir Ihre Daten?<\/a><\/li><li><a href=\"#howuse\">Wie werden wir Ihre Daten verwenden?<\/a><\/li><li><a href=\"#howstore\">Wie speichern wir Ihre Daten?<\/a><\/li><li><a href=\"#marketing\">Marketing<\/a><\/li><li><a href=\"#datarights\">Welche Datenschutzrechte haben Sie?<\/a><\/li><li><a href=\"#whatarecookies\">Was sind Cookies?<\/a><\/li><li><a href=\"#howusecookies\">Wie verwenden wir Cookies?<\/a><\/li><li><a href=\"#whatcookies\">Welche Arten von Cookies verwenden wir?<\/a><\/li><li><a href=\"#howmanagecookies\">So verwalten Sie Ihre Cookies<\/a><\/li><li><a href=\"#privacypolicies\">Datenschutzrichtlinien anderer Websites<\/a><\/li><li><a href=\"#changes\">\u00c4nderungen unserer Datenschutzerkl\u00e4rung<\/a><\/li><li><a href=\"#howcontact\">Wie man uns kontaktiert<\/a><\/li><li><a href=\"#authorities\">So kontaktieren Sie die zust\u00e4ndigen Beh\u00f6rden<\/a><\/li><\/ul>\n<\/div>\n<\/div><\/div>\n\n<div id=\"whatdata\" class=\"wp-block-themeisle-blocks-advanced-columns alignwide has-1-columns has-desktop-equal-layout has-tablet-equal-layout has-mobile-equal-layout has-vertical-unset\"><div class=\"wp-block-themeisle-blocks-advanced-columns-overlay\"><\/div><div class=\"innerblocks-wrap\">\n<div id=\"wp-block-themeisle-blocks-advanced-column-800180c3\" class=\"wp-block-themeisle-blocks-advanced-column\">\n<h2 class=\"has-text-align-left has-neve-link-hover-color-color has-text-color has-large-font-size wp-block-heading\">Welche Daten erheben wir?<\/h2>\n\n\n\n<p class=\"has-neve-link-hover-color-color has-text-color\">Cornwall Contemporary erhebt die folgenden Daten:<\/p>\n\n\n\n<ul class=\"wp-block-list\"><li>Pers\u00f6nliche Identifikationsdaten (Name, E-Mail-Adresse, Telefonnummer usw.)<\/li><li>Technische Daten, die URL-Informationen, Cookie-Daten, Ihre IP-Adresse, die Arten von Ger\u00e4ten, die Sie verwenden, um auf die Website zuzugreifen oder sich mit ihr zu verbinden, enthalten k\u00f6nnen, eindeutige Ger\u00e4te-IDs, Ger\u00e4teattribute, Netzwerkverbindungstyp (z. B. WiFi, 3G, LTE, Bluetooth) und Anbieter, Netzwerk- und Ger\u00e4teleistung, Browsertyp, Sprache, Informationen zur Verwaltung digitaler Rechte und Betriebssystem.<\/li><\/ul>\n<\/div>\n<\/div><\/div>\n\n<div id=\"howcollect\" class=\"wp-block-themeisle-blocks-advanced-columns alignwide has-1-columns has-desktop-equal-layout has-tablet-equal-layout has-mobile-equal-layout has-vertical-unset\"><div class=\"wp-block-themeisle-blocks-advanced-columns-overlay\"><\/div><div class=\"innerblocks-wrap\">\n<div id=\"wp-block-themeisle-blocks-advanced-column-481b61ea\" class=\"wp-block-themeisle-blocks-advanced-column\">\n<h2 class=\"has-text-align-left has-neve-link-hover-color-color has-text-color has-large-font-size wp-block-heading\">Wie erfassen wir Ihre Daten?<\/h2>\n\n\n\n<p class=\"has-neve-link-hover-color-color has-text-color\">Sie stellen Cornwall Contemporary die meisten der von uns erfassten Daten direkt zur Verf\u00fcgung. Wir erheben Daten und verarbeiten Daten, wenn Sie:<\/p>\n\n\n\n<ul class=\"wp-block-list\"><li>Registrieren Sie sich online oder geben Sie eine Bestellung f\u00fcr eines unserer Produkte auf.<\/li><li>F\u00fcllen Sie freiwillig eine Kundenumfrage aus oder geben Sie Feedback auf einem unserer Message Boards oder per E-Mail.<\/li><li>Verwenden oder betrachten Sie unsere Website \u00fcber die Cookies Ihres Browsers.<\/li><\/ul>\n<\/div>\n<\/div><\/div>\n\n<div id=\"howuse\" class=\"wp-block-themeisle-blocks-advanced-columns alignwide has-1-columns has-desktop-equal-layout has-tablet-equal-layout has-mobile-equal-layout has-vertical-unset\"><div class=\"wp-block-themeisle-blocks-advanced-columns-overlay\"><\/div><div class=\"innerblocks-wrap\">\n<div id=\"wp-block-themeisle-blocks-advanced-column-a8c44d88\" class=\"wp-block-themeisle-blocks-advanced-column\">\n<h2 class=\"has-text-align-left has-neve-link-hover-color-color has-text-color has-large-font-size wp-block-heading\">Wie werden wir Ihre Daten verwenden?<\/h2>\n\n\n\n<p class=\"has-neve-link-hover-color-color has-text-color\">Cornwall Contemporary sammelt Ihre Daten, damit wir:<\/p>\n\n\n\n<ul class=\"wp-block-list\"><li>Bearbeiten Sie Ihre Bestellung, verwalten Sie Ihr Konto.<\/li><li>E-Mail mit Sonderangeboten oder anderen Produkten, von denen wir glauben, dass sie Ihnen gefallen k\u00f6nnten.<\/li><\/ul>\n\n\n\n<p>Wenn Cornwall Contemporary unsere Bestellung bearbeitet, k\u00f6nnen wir Ihre Daten an Kreditauskunfteien senden und auch die daraus resultierenden Informationen von Kreditauskunfteien verwenden, um betr\u00fcgerische K\u00e4ufe zu verhindern.<\/p>\n<\/div>\n<\/div><\/div>\n\n<div id=\"howstore\" class=\"wp-block-themeisle-blocks-advanced-columns alignwide has-1-columns has-desktop-equal-layout has-tablet-equal-layout has-mobile-equal-layout has-vertical-unset\"><div class=\"wp-block-themeisle-blocks-advanced-columns-overlay\"><\/div><div class=\"innerblocks-wrap\">\n<div id=\"wp-block-themeisle-blocks-advanced-column-78d43826\" class=\"wp-block-themeisle-blocks-advanced-column\">\n<h2 class=\"has-text-align-left has-neve-link-hover-color-color has-text-color has-large-font-size wp-block-heading\">Wie speichern wir Ihre Daten?<\/h2>\n\n\n\n<p class=\"has-neve-link-hover-color-color has-text-color\">Cornwall Contemporary speichert Ihre Daten sicher in unseren R\u00e4umlichkeiten in 1 Parade Street, Queens Square, Penzance, Cornwall TR18 4BU.<\/p>\n<\/div>\n<\/div><\/div>\n\n<div id=\"marketing\" class=\"wp-block-themeisle-blocks-advanced-columns alignwide has-1-columns has-desktop-equal-layout has-tablet-equal-layout has-mobile-equal-layout has-vertical-unset\"><div class=\"wp-block-themeisle-blocks-advanced-columns-overlay\"><\/div><div class=\"innerblocks-wrap\">\n<div id=\"wp-block-themeisle-blocks-advanced-column-a1ab6f28\" class=\"wp-block-themeisle-blocks-advanced-column\">\n<h2 class=\"has-text-align-left has-neve-link-hover-color-color has-text-color has-large-font-size wp-block-heading\">Marketing<\/h2>\n\n\n\n<p class=\"has-neve-link-hover-color-color has-text-color\">Cornwall Contemporary m\u00f6chte Ihnen Informationen \u00fcber unsere Produkte zusenden, von denen wir glauben, dass sie Ihnen gefallen k\u00f6nnten. Sie haben jederzeit das Recht, uns daran zu hindern, Sie zu Marketingzwecken zu kontaktieren.<\/p>\n<\/div>\n<\/div><\/div>\n\n<div id=\"datarights\" class=\"wp-block-themeisle-blocks-advanced-columns alignwide has-1-columns has-desktop-equal-layout has-tablet-equal-layout has-mobile-equal-layout has-vertical-unset\"><div class=\"wp-block-themeisle-blocks-advanced-columns-overlay\"><\/div><div class=\"innerblocks-wrap\">\n<div id=\"wp-block-themeisle-blocks-advanced-column-7e88236b\" class=\"wp-block-themeisle-blocks-advanced-column\">\n<h2 class=\"has-text-align-left has-neve-link-hover-color-color has-text-color has-large-font-size wp-block-heading\">Welche Datenschutzrechte haben Sie?<\/h2>\n\n\n\n<p class=\"has-neve-link-hover-color-color has-text-color\">Cornwall Contemporary m\u00f6chte sicherstellen, dass Sie sich all Ihrer Datenschutzrechte voll bewusst sind. Jeder Benutzer hat Anspruch auf:<\/p>\n\n\n\n<p><strong>Auskunftsrecht<\/strong> \u2013 Sie haben das Recht, bei Cornwall Contemporary Kopien Ihrer personenbezogenen Daten anzufordern. F\u00fcr diesen Service k\u00f6nnen wir Ihnen eine kleine Geb\u00fchr berechnen.<\/p>\n\n\n\n<p><strong>Das Recht auf Berichtigung<\/strong> \u2013 Sie haben das Recht zu verlangen, dass wir alle Informationen korrigieren, die Sie f\u00fcr unrichtig halten. Sie haben auch das Recht, Cornwall Contemporary aufzufordern, Informationen zu vervollst\u00e4ndigen, die Sie f\u00fcr unvollst\u00e4ndig halten.<\/p>\n\n\n\n<p><strong>Das Recht auf L\u00f6schung<\/strong> \u2013 Sie haben das Recht, unter bestimmten Bedingungen zu verlangen, dass Cornwall Contemporary Ihre personenbezogenen Daten l\u00f6scht.<\/p>\n\n\n\n<p><strong>Das Recht auf Einschr\u00e4nkung der Verarbeitung<\/strong> \u2013 Sie haben das Recht zu verlangen, dass wir die Verarbeitung Ihrer personenbezogenen Daten unter bestimmten Bedingungen einschr\u00e4nken.<\/p>\n\n\n\n<p><strong>Das Recht, der Verarbeitung zu widersprechen<\/strong> \u2013 Sie haben unter bestimmten Bedingungen das Recht, der Verarbeitung Ihrer personenbezogenen Daten durch Cornwall Contemporary zu widersprechen.<\/p>\n\n\n\n<p><strong>Das Recht auf Daten\u00fcbertragbarkeit<\/strong> \u2013 Sie haben das Recht zu verlangen, dass Cornwall Contemporary die von uns gesammelten Daten unter bestimmten Bedingungen an eine andere Organisation oder direkt an Sie \u00fcbertr\u00e4gt.<\/p>\n\n\n\n<p>Wenn Sie eine Anfrage stellen, haben wir einen Monat Zeit, um Ihnen zu antworten. Wenn Sie eines dieser Rechte aus\u00fcben m\u00f6chten, kontaktieren Sie uns bitte unter unserer E-Mail-Adresse: <a href=\"mailto:sarah@cornwallcontemporary.com\">sarah@cornwallcontemporary.com<\/a><\/p>\n\n\n\n<p>Rufen Sie uns an: +44 (0)1736 874749<br\/>Oder schreiben Sie uns:<br\/>Zeitgen\u00f6ssischer Cornwall<br\/>Paradestra\u00dfe 1<br\/>Queens-Platz<br\/>Penzanz<br\/>Cornwall<br\/>TR18 4BU<\/p>\n<\/div>\n<\/div><\/div>\n\n<div id=\"whatarecookies\" class=\"wp-block-themeisle-blocks-advanced-columns alignwide has-1-columns has-desktop-equal-layout has-tablet-equal-layout has-mobile-equal-layout has-vertical-unset\"><div class=\"wp-block-themeisle-blocks-advanced-columns-overlay\"><\/div><div class=\"innerblocks-wrap\">\n<div id=\"wp-block-themeisle-blocks-advanced-column-15845dc7\" class=\"wp-block-themeisle-blocks-advanced-column\">\n<h2 class=\"has-text-align-left has-neve-link-hover-color-color has-text-color has-large-font-size wp-block-heading\">Was sind Cookies?<\/h2>\n\n\n\n<p class=\"has-neve-link-hover-color-color has-text-color\">Cookies sind Textdateien, die auf Ihrem Computer platziert werden, um standardm\u00e4\u00dfige Internetprotokollinformationen und Informationen zum Besucherverhalten zu sammeln. Wenn Sie unsere Websites besuchen, erfassen wir m\u00f6glicherweise automatisch Informationen von Ihnen durch Cookies oder \u00e4hnliche Technologien.<\/p>\n\n\n\n<p>Weitere Informationen finden Sie unter <a href=\"https:\/\/allaboutcookies.org\" target=\"_blank\" rel=\"noreferrer noopener\">allaboutcookies.org<\/a> .<\/p>\n<\/div>\n<\/div><\/div>\n\n<div id=\"howusecookies\" class=\"wp-block-themeisle-blocks-advanced-columns alignwide has-1-columns has-desktop-equal-layout has-tablet-equal-layout has-mobile-equal-layout has-vertical-unset\"><div class=\"wp-block-themeisle-blocks-advanced-columns-overlay\"><\/div><div class=\"innerblocks-wrap\">\n<div id=\"wp-block-themeisle-blocks-advanced-column-ab490c2a\" class=\"wp-block-themeisle-blocks-advanced-column\">\n<h2 class=\"has-text-align-left has-neve-link-hover-color-color has-text-color has-large-font-size wp-block-heading\">Wie verwenden wir Cookies?<\/h2>\n\n\n\n<p>Cornwall Contemporary verwendet Cookies auf verschiedene Weise, um Ihre Erfahrung auf unserer Website zu verbessern, einschlie\u00dflich:<\/p>\n\n\n\n<ul class=\"wp-block-list\"><li>Sie bleiben angemeldet<\/li><li>Verstehen, wie Sie unsere Website nutzen<\/li><\/ul>\n<\/div>\n<\/div><\/div>\n\n<div id=\"whatcookies\" class=\"wp-block-themeisle-blocks-advanced-columns alignwide has-1-columns has-desktop-equal-layout has-tablet-equal-layout has-mobile-equal-layout has-vertical-unset\"><div class=\"wp-block-themeisle-blocks-advanced-columns-overlay\"><\/div><div class=\"innerblocks-wrap\">\n<div id=\"wp-block-themeisle-blocks-advanced-column-63a6d406\" class=\"wp-block-themeisle-blocks-advanced-column\">\n<h2 class=\"has-text-align-left has-neve-link-hover-color-color has-text-color has-large-font-size wp-block-heading\">Welche Arten von Cookies verwenden wir?<\/h2>\n\n\n\n<p>Es gibt jedoch eine Reihe verschiedener Arten von Cookies, die unsere Website verwendet:<\/p>\n\n\n\n<ul class=\"wp-block-list\"><li><strong>Funktionalit\u00e4t<\/strong> \u2013 Cornwall Contemporary verwendet diese Cookies, damit wir Sie auf unserer Website erkennen und uns an Ihre zuvor ausgew\u00e4hlten Pr\u00e4ferenzen erinnern k\u00f6nnen. Diese k\u00f6nnen Ihre bevorzugte Sprache und Ihren Standort beinhalten. Es wird eine Mischung aus Erstanbieter- und Drittanbieter-Cookies verwendet.<\/li><li><strong>Werbung<\/strong> \u2013 Cornwall Contemporary verwendet diese Cookies, um Informationen \u00fcber Ihren Besuch auf unserer Website, die von Ihnen angesehenen Inhalte, die Links, denen Sie gefolgt sind, und Informationen \u00fcber Ihren Browser, Ihr Ger\u00e4t und Ihre IP-Adresse zu sammeln.<\/li><\/ul>\n<\/div>\n<\/div><\/div>\n\n<div id=\"howmanagecookies\" class=\"wp-block-themeisle-blocks-advanced-columns alignwide has-1-columns has-desktop-equal-layout has-tablet-equal-layout has-mobile-equal-layout has-vertical-unset\"><div class=\"wp-block-themeisle-blocks-advanced-columns-overlay\"><\/div><div class=\"innerblocks-wrap\">\n<div id=\"wp-block-themeisle-blocks-advanced-column-d5a58000\" class=\"wp-block-themeisle-blocks-advanced-column\">\n<h2 class=\"has-text-align-left has-neve-link-hover-color-color has-text-color has-large-font-size wp-block-heading\">So verwalten Sie Cookies<\/h2>\n\n\n\n<p>Sie k\u00f6nnen Ihren Browser so einstellen, dass er keine Cookies akzeptiert, und die obige Website erkl\u00e4rt Ihnen, wie Sie Cookies aus Ihrem Browser entfernen k\u00f6nnen. In einigen wenigen F\u00e4llen funktionieren einige unserer Website-Funktionen jedoch m\u00f6glicherweise nicht.<\/p>\n<\/div>\n<\/div><\/div>\n\n<div id=\"privacypolicies\" class=\"wp-block-themeisle-blocks-advanced-columns alignwide has-1-columns has-desktop-equal-layout has-tablet-equal-layout has-mobile-equal-layout has-vertical-unset\"><div class=\"wp-block-themeisle-blocks-advanced-columns-overlay\"><\/div><div class=\"innerblocks-wrap\">\n<div id=\"wp-block-themeisle-blocks-advanced-column-19ea7e66\" class=\"wp-block-themeisle-blocks-advanced-column\">\n<h2 class=\"has-text-align-left has-neve-link-hover-color-color has-text-color has-large-font-size wp-block-heading\">Datenschutzrichtlinien anderer Websites<\/h2>\n\n\n\n<p>Die Website von Cornwall Contemporary enth\u00e4lt Links zu anderen Websites. Unsere Datenschutzrichtlinie gilt nur f\u00fcr unsere Website. Wenn Sie also auf einen Link zu einer anderen Website klicken, sollten Sie deren Datenschutzrichtlinie lesen.<\/p>\n<\/div>\n<\/div><\/div>\n\n<div id=\"changes\" class=\"wp-block-themeisle-blocks-advanced-columns alignwide has-1-columns has-desktop-equal-layout has-tablet-equal-layout has-mobile-equal-layout has-vertical-unset\"><div class=\"wp-block-themeisle-blocks-advanced-columns-overlay\"><\/div><div class=\"innerblocks-wrap\">\n<div id=\"wp-block-themeisle-blocks-advanced-column-a6d95f63\" class=\"wp-block-themeisle-blocks-advanced-column\">\n<h2 class=\"has-text-align-left has-neve-link-hover-color-color has-text-color has-large-font-size wp-block-heading\">\u00c4nderungen unserer Datenschutzerkl\u00e4rung<\/h2>\n\n\n\n<p>Cornwall Contemporary \u00fcberpr\u00fcft seine Datenschutzrichtlinie regelm\u00e4\u00dfig und ver\u00f6ffentlicht alle Aktualisierungen auf dieser Webseite. Diese Datenschutzerkl\u00e4rung wurde zuletzt am 6. Juni 2022 aktualisiert.<\/p>\n<\/div>\n<\/div><\/div>\n\n<div id=\"howcontact\" class=\"wp-block-themeisle-blocks-advanced-columns alignwide has-1-columns has-desktop-equal-layout has-tablet-equal-layout has-mobile-equal-layout has-vertical-unset\"><div class=\"wp-block-themeisle-blocks-advanced-columns-overlay\"><\/div><div class=\"innerblocks-wrap\">\n<div id=\"wp-block-themeisle-blocks-advanced-column-62c3f82c\" class=\"wp-block-themeisle-blocks-advanced-column\">\n<h2 class=\"has-text-align-left has-neve-link-hover-color-color has-text-color has-large-font-size wp-block-heading\">Wie man uns kontaktiert<\/h2>\n\n\n\n<p>Wenn Sie Fragen zur Datenschutzrichtlinie von Cornwall Contemporary oder zu den Daten haben, die wir \u00fcber Sie speichern, oder wenn Sie eines Ihrer Datenschutzrechte aus\u00fcben m\u00f6chten, z\u00f6gern Sie bitte nicht, uns zu kontaktieren.<\/p>\n\n\n\n<p>Senden Sie uns eine E-Mail an: <a href=\"mailto:sarah@cornwallcontemporary.com\">sarah@cornwallcontemporary.com<\/a><br\/>Rufen Sie uns an: +44 (0)1736 874749<br\/>Oder schreiben Sie uns:<br\/>Zeitgen\u00f6ssischer Cornwall<br\/>Paradestra\u00dfe 1<br\/>Queens-Platz<br\/>Penzanz<br\/>Cornwall<br\/>TR18 4BU<\/p>\n<\/div>\n<\/div><\/div>\n\n<div id=\"authorities\" class=\"wp-block-themeisle-blocks-advanced-columns alignwide has-1-columns has-desktop-equal-layout has-tablet-equal-layout has-mobile-equal-layout has-vertical-unset\"><div class=\"wp-block-themeisle-blocks-advanced-columns-overlay\"><\/div><div class=\"innerblocks-wrap\">\n<div id=\"wp-block-themeisle-blocks-advanced-column-878df9aa\" class=\"wp-block-themeisle-blocks-advanced-column\">\n<h2 class=\"has-text-align-left has-neve-link-hover-color-color has-text-color has-large-font-size wp-block-heading\">So erreichen Sie die zust\u00e4ndige Beh\u00f6rde<\/h2>\n\n\n\n<p>Wenn Sie eine Beschwerde melden m\u00f6chten oder der Meinung sind, dass Cornwall Contemporary Ihr Anliegen nicht zufriedenstellend behandelt hat, k\u00f6nnen Sie sich an das Information Commissioner&#8217;s Office wenden.<\/p>\n\n\n\n<p>E-Mail (unter Verwendung der folgenden Webadresse, um eine Anfrage zu stellen): <a href=\"https:\/\/ico.org.uk\/global\/contact-us\/\" target=\"_blank\" rel=\"noreferrer noopener\">https:\/\/ico.org.uk\/global\/contact-us\/<\/a><br\/>Adresse:<br\/>B\u00fcro des Informationsbeauftragten<br\/>Wycliffe-Haus<br\/>Wasserweg<br\/>Wilmslow<br\/>Cheshire<br\/>SK95AF<\/p>\n<\/div>\n<\/div><\/div>\n\n<p><\/p>\n","protected":false},"excerpt":{"rendered":"","protected":false},"author":1,"featured_media":0,"parent":0,"menu_order":0,"comment_status":"closed","ping_status":"closed","template":"page-templates\/template-pagebuilder-full-width.php","meta":{"_monsterinsights_skip_tracking":false,"_monsterinsights_sitenote_active":false,"_monsterinsights_sitenote_note":"","_monsterinsights_sitenote_category":0,"neve_meta_sidebar":"full-width","neve_meta_container":"","neve_meta_enable_content_width":"off","neve_meta_content_width":0,"neve_meta_title_alignment":"","neve_meta_author_avatar":"","neve_post_elements_order":"","neve_meta_disable_header":"","neve_meta_disable_footer":"","neve_meta_disable_title":"on","neve_meta_reading_time":"","_themeisle_gutenberg_block_has_review":false,"footnotes":""},"class_list":["post-17421","page","type-page","status-publish","hentry"],"yoast_head":"<!-- This site is optimized with the Yoast SEO plugin v27.1.1 - https:\/\/yoast.com\/product\/yoast-seo-wordpress\/ -->\n<title>Datenschutz-Bestimmungen - Cornwall Contemporary<\/title>\n<meta name=\"robots\" content=\"index, follow, max-snippet:-1, max-image-preview:large, max-video-preview:-1\" \/>\n<link rel=\"canonical\" href=\"https:\/\/www.cornwallcontemporary.com\/de\/datenschutz-bestimmungen\/\" \/>\n<meta property=\"og:locale\" content=\"de_DE\" \/>\n<meta property=\"og:type\" content=\"article\" \/>\n<meta property=\"og:title\" content=\"Datenschutz-Bestimmungen - Cornwall Contemporary\" \/>\n<meta property=\"og:url\" content=\"https:\/\/www.cornwallcontemporary.com\/de\/datenschutz-bestimmungen\/\" \/>\n<meta property=\"og:site_name\" content=\"Cornwall Contemporary\" \/>\n<meta property=\"article:modified_time\" content=\"2022-06-16T10:02:23+00:00\" \/>\n<meta name=\"twitter:card\" content=\"summary_large_image\" \/>\n<meta name=\"twitter:label1\" content=\"Gesch\u00e4tzte Lesezeit\" \/>\n\t<meta name=\"twitter:data1\" content=\"5\u00a0Minuten\" \/>\n<script type=\"application\/ld+json\" class=\"yoast-schema-graph\">{\"@context\":\"https:\/\/schema.org\",\"@graph\":[{\"@type\":\"WebPage\",\"@id\":\"https:\/\/www.cornwallcontemporary.com\/de\/datenschutz-bestimmungen\/\",\"url\":\"https:\/\/www.cornwallcontemporary.com\/de\/datenschutz-bestimmungen\/\",\"name\":\"Datenschutz-Bestimmungen - Cornwall Contemporary\",\"isPartOf\":{\"@id\":\"https:\/\/www.cornwallcontemporary.com\/de\/#website\"},\"datePublished\":\"2022-06-06T09:40:57+00:00\",\"dateModified\":\"2022-06-16T10:02:23+00:00\",\"breadcrumb\":{\"@id\":\"https:\/\/www.cornwallcontemporary.com\/de\/datenschutz-bestimmungen\/#breadcrumb\"},\"inLanguage\":\"de\",\"potentialAction\":[{\"@type\":\"ReadAction\",\"target\":[\"https:\/\/www.cornwallcontemporary.com\/de\/datenschutz-bestimmungen\/\"]}]},{\"@type\":\"BreadcrumbList\",\"@id\":\"https:\/\/www.cornwallcontemporary.com\/de\/datenschutz-bestimmungen\/#breadcrumb\",\"itemListElement\":[{\"@type\":\"ListItem\",\"position\":1,\"name\":\"Home\",\"item\":\"https:\/\/www.cornwallcontemporary.com\/de\/heim\/\"},{\"@type\":\"ListItem\",\"position\":2,\"name\":\"Datenschutz-Bestimmungen\"}]},{\"@type\":\"WebSite\",\"@id\":\"https:\/\/www.cornwallcontemporary.com\/de\/#website\",\"url\":\"https:\/\/www.cornwallcontemporary.com\/de\/\",\"name\":\"Cornwall Contemporary\",\"description\":\"Art Gallery, Penzance, Cornwall\",\"publisher\":{\"@id\":\"https:\/\/www.cornwallcontemporary.com\/de\/#organization\"},\"potentialAction\":[{\"@type\":\"SearchAction\",\"target\":{\"@type\":\"EntryPoint\",\"urlTemplate\":\"https:\/\/www.cornwallcontemporary.com\/de\/?s={search_term_string}\"},\"query-input\":{\"@type\":\"PropertyValueSpecification\",\"valueRequired\":true,\"valueName\":\"search_term_string\"}}],\"inLanguage\":\"de\"},{\"@type\":\"Organization\",\"@id\":\"https:\/\/www.cornwallcontemporary.com\/de\/#organization\",\"name\":\"Cornwall Contemporary\",\"url\":\"https:\/\/www.cornwallcontemporary.com\/de\/\",\"logo\":{\"@type\":\"ImageObject\",\"inLanguage\":\"de\",\"@id\":\"https:\/\/www.cornwallcontemporary.com\/de\/#\/schema\/logo\/image\/\",\"url\":\"https:\/\/www.cornwallcontemporary.com\/wp-content\/uploads\/2020\/01\/neve-artist-icon.png\",\"contentUrl\":\"https:\/\/www.cornwallcontemporary.com\/wp-content\/uploads\/2020\/01\/neve-artist-icon.png\",\"width\":512,\"height\":512,\"caption\":\"Cornwall Contemporary\"},\"image\":{\"@id\":\"https:\/\/www.cornwallcontemporary.com\/de\/#\/schema\/logo\/image\/\"}}]}<\/script>\n<!-- \/ Yoast SEO plugin. -->","yoast_head_json":{"title":"Datenschutz-Bestimmungen - Cornwall Contemporary","robots":{"index":"index","follow":"follow","max-snippet":"max-snippet:-1","max-image-preview":"max-image-preview:large","max-video-preview":"max-video-preview:-1"},"canonical":"https:\/\/www.cornwallcontemporary.com\/de\/datenschutz-bestimmungen\/","og_locale":"de_DE","og_type":"article","og_title":"Datenschutz-Bestimmungen - Cornwall Contemporary","og_url":"https:\/\/www.cornwallcontemporary.com\/de\/datenschutz-bestimmungen\/","og_site_name":"Cornwall Contemporary","article_modified_time":"2022-06-16T10:02:23+00:00","twitter_card":"summary_large_image","twitter_misc":{"Gesch\u00e4tzte Lesezeit":"5\u00a0Minuten"},"schema":{"@context":"https:\/\/schema.org","@graph":[{"@type":"WebPage","@id":"https:\/\/www.cornwallcontemporary.com\/de\/datenschutz-bestimmungen\/","url":"https:\/\/www.cornwallcontemporary.com\/de\/datenschutz-bestimmungen\/","name":"Datenschutz-Bestimmungen - Cornwall Contemporary","isPartOf":{"@id":"https:\/\/www.cornwallcontemporary.com\/de\/#website"},"datePublished":"2022-06-06T09:40:57+00:00","dateModified":"2022-06-16T10:02:23+00:00","breadcrumb":{"@id":"https:\/\/www.cornwallcontemporary.com\/de\/datenschutz-bestimmungen\/#breadcrumb"},"inLanguage":"de","potentialAction":[{"@type":"ReadAction","target":["https:\/\/www.cornwallcontemporary.com\/de\/datenschutz-bestimmungen\/"]}]},{"@type":"BreadcrumbList","@id":"https:\/\/www.cornwallcontemporary.com\/de\/datenschutz-bestimmungen\/#breadcrumb","itemListElement":[{"@type":"ListItem","position":1,"name":"Home","item":"https:\/\/www.cornwallcontemporary.com\/de\/heim\/"},{"@type":"ListItem","position":2,"name":"Datenschutz-Bestimmungen"}]},{"@type":"WebSite","@id":"https:\/\/www.cornwallcontemporary.com\/de\/#website","url":"https:\/\/www.cornwallcontemporary.com\/de\/","name":"Cornwall Contemporary","description":"Art Gallery, Penzance, Cornwall","publisher":{"@id":"https:\/\/www.cornwallcontemporary.com\/de\/#organization"},"potentialAction":[{"@type":"SearchAction","target":{"@type":"EntryPoint","urlTemplate":"https:\/\/www.cornwallcontemporary.com\/de\/?s={search_term_string}"},"query-input":{"@type":"PropertyValueSpecification","valueRequired":true,"valueName":"search_term_string"}}],"inLanguage":"de"},{"@type":"Organization","@id":"https:\/\/www.cornwallcontemporary.com\/de\/#organization","name":"Cornwall Contemporary","url":"https:\/\/www.cornwallcontemporary.com\/de\/","logo":{"@type":"ImageObject","inLanguage":"de","@id":"https:\/\/www.cornwallcontemporary.com\/de\/#\/schema\/logo\/image\/","url":"https:\/\/www.cornwallcontemporary.com\/wp-content\/uploads\/2020\/01\/neve-artist-icon.png","contentUrl":"https:\/\/www.cornwallcontemporary.com\/wp-content\/uploads\/2020\/01\/neve-artist-icon.png","width":512,"height":512,"caption":"Cornwall Contemporary"},"image":{"@id":"https:\/\/www.cornwallcontemporary.com\/de\/#\/schema\/logo\/image\/"}}]}},"_links":{"self":[{"href":"https:\/\/www.cornwallcontemporary.com\/de\/wp-json\/wp\/v2\/pages\/17421","targetHints":{"allow":["GET"]}}],"collection":[{"href":"https:\/\/www.cornwallcontemporary.com\/de\/wp-json\/wp\/v2\/pages"}],"about":[{"href":"https:\/\/www.cornwallcontemporary.com\/de\/wp-json\/wp\/v2\/types\/page"}],"author":[{"embeddable":true,"href":"https:\/\/www.cornwallcontemporary.com\/de\/wp-json\/wp\/v2\/users\/1"}],"replies":[{"embeddable":true,"href":"https:\/\/www.cornwallcontemporary.com\/de\/wp-json\/wp\/v2\/comments?post=17421"}],"version-history":[{"count":1,"href":"https:\/\/www.cornwallcontemporary.com\/de\/wp-json\/wp\/v2\/pages\/17421\/revisions"}],"predecessor-version":[{"id":17425,"href":"https:\/\/www.cornwallcontemporary.com\/de\/wp-json\/wp\/v2\/pages\/17421\/revisions\/17425"}],"wp:attachment":[{"href":"https:\/\/www.cornwallcontemporary.com\/de\/wp-json\/wp\/v2\/media?parent=17421"}],"curies":[{"name":"wp","href":"https:\/\/api.w.org\/{rel}","templated":true}]}}